{"id":28,"date":"2023-07-21T10:56:06","date_gmt":"2023-07-21T15:56:06","guid":{"rendered":"https:\/\/www.franciscanas.edu.co\/?page_id=28"},"modified":"2023-07-21T10:56:06","modified_gmt":"2023-07-21T15:56:06","slug":"mision-y-vision","status":"publish","type":"page","link":"https:\/\/www.franciscanas.edu.co\/?page_id=28","title":{"rendered":"Misi\u00f3n y Visi\u00f3n"},"content":{"rendered":"\n<h2 class=\"wp-block-heading\">Misi\u00f3n<\/h2>\n\n\n\n<p>La Instituci\u00f3n Educativa Nuestra Se\u00f1ora del Carmen de Popay\u00e1n, es un establecimiento educativo de car\u00e1cter oficial, orientada por la Comunidad Religiosa Franciscana, que forma personas bajo los principios de virtud, ciencia, excelencia y la pr\u00e1ctica de valores; para aportar al mejoramiento y desarrollo socio-econ\u00f3mico, tecnol\u00f3gico y cultural en el orden local, regional y nacional en condiciones de equidad e inclusi\u00f3n, en b\u00fasqueda permanente de la excelencia.<\/p>\n\n\n\n<h2 class=\"wp-block-heading\">Visi\u00f3n<\/h2>\n\n\n\n<p>La Instituci\u00f3n Educativa Nuestra Se\u00f1ora del Carmen, consciente de los cambios de la sociedad, al 2025 es pionera en innovaci\u00f3n educativa y pedag\u00f3gica en el \u00e1mbito local, nacional e internacional, entregando egresadas protagonistas del cambio social con altos niveles de competitividad y ciudadanas comprometidas.<\/p>\n","protected":false},"excerpt":{"rendered":"<p>Misi\u00f3n La Instituci\u00f3n Educativa Nuestra Se\u00f1ora del Carmen de Popay\u00e1n, es un establecimiento educativo de car\u00e1cter oficial, orientada por la Comunidad Religiosa Franciscana, que forma personas bajo los principios de virtud, ciencia, excelencia y la pr\u00e1ctica de valores; para aportar <a href=\"https:\/\/www.franciscanas.edu.co\/?page_id=28\" class=\"read-more\">Amplia la informaci\u00f3n &#8230;<\/a><\/p>\n","protected":false},"author":1,"featured_media":0,"parent":0,"menu_order":0,"comment_status":"closed","ping_status":"closed","template":"","meta":[],"_links":{"self":[{"href":"https:\/\/www.franciscanas.edu.co\/index.php?rest_route=\/wp\/v2\/pages\/28"}],"collection":[{"href":"https:\/\/www.franciscanas.edu.co\/index.php?rest_route=\/wp\/v2\/pages"}],"about":[{"href":"https:\/\/www.franciscanas.edu.co\/index.php?rest_route=\/wp\/v2\/types\/page"}],"author":[{"embeddable":true,"href":"https:\/\/www.franciscanas.edu.co\/index.php?rest_route=\/wp\/v2\/users\/1"}],"replies":[{"embeddable":true,"href":"https:\/\/www.franciscanas.edu.co\/index.php?rest_route=%2Fwp%2Fv2%2Fcomments&post=28"}],"version-history":[{"count":1,"href":"https:\/\/www.franciscanas.edu.co\/index.php?rest_route=\/wp\/v2\/pages\/28\/revisions"}],"predecessor-version":[{"id":29,"href":"https:\/\/www.franciscanas.edu.co\/index.php?rest_route=\/wp\/v2\/pages\/28\/revisions\/29"}],"wp:attachment":[{"href":"https:\/\/www.franciscanas.edu.co\/index.php?rest_route=%2Fwp%2Fv2%2Fmedia&parent=28"}],"curies":[{"name":"wp","href":"https:\/\/api.w.org\/{rel}","templated":true}]}}