{"id":32,"date":"2023-07-21T11:06:32","date_gmt":"2023-07-21T16:06:32","guid":{"rendered":"https:\/\/www.franciscanas.edu.co\/?page_id=32"},"modified":"2023-07-21T11:06:32","modified_gmt":"2023-07-21T16:06:32","slug":"simbolos","status":"publish","type":"page","link":"https:\/\/www.franciscanas.edu.co\/?page_id=32","title":{"rendered":"S\u00edmbolos"},"content":{"rendered":"\n<h2 class=\"wp-block-heading\">Escudo<\/h2>\n\n\n<div class=\"wp-block-image\">\n<figure class=\"aligncenter size-medium\"><img decoding=\"async\" loading=\"lazy\" width=\"300\" height=\"300\" src=\"https:\/\/www.franciscanas.edu.co\/wp-content\/uploads\/2023\/07\/Escudo-Franciscanas-FTransparente_800px-300x300.png\" alt=\"\" class=\"wp-image-27\" srcset=\"https:\/\/www.franciscanas.edu.co\/wp-content\/uploads\/2023\/07\/Escudo-Franciscanas-FTransparente_800px-300x300.png 300w, https:\/\/www.franciscanas.edu.co\/wp-content\/uploads\/2023\/07\/Escudo-Franciscanas-FTransparente_800px-150x150.png 150w, https:\/\/www.franciscanas.edu.co\/wp-content\/uploads\/2023\/07\/Escudo-Franciscanas-FTransparente_800px-768x768.png 768w, https:\/\/www.franciscanas.edu.co\/wp-content\/uploads\/2023\/07\/Escudo-Franciscanas-FTransparente_800px-270x270.png 270w, https:\/\/www.franciscanas.edu.co\/wp-content\/uploads\/2023\/07\/Escudo-Franciscanas-FTransparente_800px.png 800w\" sizes=\"(max-width: 300px) 100vw, 300px\" \/><\/figure><\/div>\n\n\n<p><strong>Los rayos<\/strong>: significan el sol fulgente que alumbra. All\u00ed est\u00e1 Jes\u00fas el amigo y el hermano, es Eucarist\u00eda y pan partido, fortaleza en el camino.<\/p>\n\n\n\n<p><strong>Su Cruz \u2013 la TAU<\/strong>: abre los brazos para acariciar y darnos redenci\u00f3n, en ella descansan nuestras penas y dolores, all\u00ed encontramos el refugio.<\/p>\n\n\n\n<p><strong>La estrella<\/strong>: es Mar\u00eda, estrella de la ma\u00f1ana que nos cobija como madre, es aurora que acaricia el d\u00eda de salvaci\u00f3n, es refugio en Cristo y gu\u00eda infalible que nos conduce a puerto seguro.<\/p>\n\n\n\n<p><strong>Terreno rocoso<\/strong>: figura de la solidez y la firmeza, es el terreno apto para construir con seguridad y fortaleza.<\/p>\n\n\n\n<p><strong>El Faro<\/strong>: Fanal de luz que gu\u00eda en las tinieblas, fortaleza de piedra que brinda abrigo. Es la Instituci\u00f3n Educativa que se yergue enhiesta sobre la roca y est\u00e1 acompa\u00f1ando en todo momento.<\/p>\n\n\n\n<h2 class=\"wp-block-heading\">Bandera<\/h2>\n\n\n\n<p>Insertar foto<\/p>\n\n\n\n<p><strong>El blanco<\/strong>: significa pureza, transparencia y sencillez, que se manifiesta en la fe y trasciende en la unidad.<\/p>\n\n\n\n<p><strong>El rosado<\/strong>: Significa la verdadera alegr\u00eda, que se da por el deber cumplido. Acompa\u00f1ada de bondad, ternura, delicadeza y cercan\u00eda.<\/p>\n\n\n\n<h2 class=\"wp-block-heading\">Himno<\/h2>\n\n\n\n<p>El ritmo marcial y sus palabras resumen acertadamente cu\u00e1nto deben ser las estudiantes, es la inspiraci\u00f3n de todos sus actos en la vida. Su autor musical es el Licenciado Rodrigo Diago y la letra es de autor\u00eda de la Hna. Luz Mar\u00eda Ojeda (QDEP).<\/p>\n\n\n\n<figure class=\"wp-block-embed is-type-video is-provider-youtube wp-block-embed-youtube wp-embed-aspect-4-3 wp-has-aspect-ratio\"><div class=\"wp-block-embed__wrapper\">\n<iframe loading=\"lazy\" title=\"Himno I.E.  Nuestra Se\u00f1ora del Carmen  2014\" width=\"847\" height=\"635\" src=\"https:\/\/www.youtube.com\/embed\/YE4986Yu2Xg?feature=oembed\" frameborder=\"0\" allow=\"accelerometer; autoplay; clipboard-write; encrypted-media; gyroscope; picture-in-picture; web-share\" allowfullscreen><\/iframe>\n<\/div><\/figure>\n\n\n\n<p>CORO<br><em>Juventud del colegio del Carmen<br>Adelante en la lid del saber,<br>Hoy la vida te invita a ser grande<br>A luchar con denuedo, a vencer;<br>Si con Cristo y francisco t\u00fa avanzas<br>Llevar\u00e1s por doquier: paz y bien (bis).<\/em><\/p>\n\n\n\n<p>Salve, salve oh plantel fecundo<br>Tesonero fraguas: amistad, deber,<br>La verdad ense\u00f1as, con amor y el triunfo<br>Cu\u00e1l laurel precioso se ve florecer.<\/p>\n\n\n\n<p>\u2013 Coro \u2013<\/p>\n\n\n\n<p>Y Mar\u00eda estrella fulgente<br>Joven franciscana, tu vida guiara<br>Cual faro seguro en la mar brav\u00eda<br>Por sendas felices te conducir\u00e1.<\/p>\n\n\n\n<p>\u2013 Coro \u2013<\/p>\n\n\n\n<p>Vamos juntos, escalando alturas<br>Plenos de alegr\u00eda, en fraternidad<br>Vamos construyendo, con nuestros valores<br>Un mundo de hermanos en paz e igualdad.<\/p>\n\n\n\n<p>\u2013 Coro \u2013<\/p>\n\n\n\n<p>Gloria al Carmen, mi colegio amado<br>Que forja su historia con valor y fe,<br>Es Cristo su eje, caridad su antorcha<br>En el realizamos el reino del bien.<\/p>\n\n\n\n<p>\u2013 Coro \u2013<\/p>\n","protected":false},"excerpt":{"rendered":"<p>Escudo Los rayos: significan el sol fulgente que alumbra. All\u00ed est\u00e1 Jes\u00fas el amigo y el hermano, es Eucarist\u00eda y pan partido, fortaleza en el camino. Su Cruz \u2013 la TAU: abre los brazos para acariciar y darnos redenci\u00f3n, en <a href=\"https:\/\/www.franciscanas.edu.co\/?page_id=32\" class=\"read-more\">Amplia la informaci\u00f3n &#8230;<\/a><\/p>\n","protected":false},"author":1,"featured_media":0,"parent":0,"menu_order":0,"comment_status":"closed","ping_status":"closed","template":"","meta":[],"_links":{"self":[{"href":"https:\/\/www.franciscanas.edu.co\/index.php?rest_route=\/wp\/v2\/pages\/32"}],"collection":[{"href":"https:\/\/www.franciscanas.edu.co\/index.php?rest_route=\/wp\/v2\/pages"}],"about":[{"href":"https:\/\/www.franciscanas.edu.co\/index.php?rest_route=\/wp\/v2\/types\/page"}],"author":[{"embeddable":true,"href":"https:\/\/www.franciscanas.edu.co\/index.php?rest_route=\/wp\/v2\/users\/1"}],"replies":[{"embeddable":true,"href":"https:\/\/www.franciscanas.edu.co\/index.php?rest_route=%2Fwp%2Fv2%2Fcomments&post=32"}],"version-history":[{"count":1,"href":"https:\/\/www.franciscanas.edu.co\/index.php?rest_route=\/wp\/v2\/pages\/32\/revisions"}],"predecessor-version":[{"id":33,"href":"https:\/\/www.franciscanas.edu.co\/index.php?rest_route=\/wp\/v2\/pages\/32\/revisions\/33"}],"wp:attachment":[{"href":"https:\/\/www.franciscanas.edu.co\/index.php?rest_route=%2Fwp%2Fv2%2Fmedia&parent=32"}],"curies":[{"name":"wp","href":"https:\/\/api.w.org\/{rel}","templated":true}]}}