{"id":34,"date":"2023-07-21T11:20:13","date_gmt":"2023-07-21T16:20:13","guid":{"rendered":"https:\/\/www.franciscanas.edu.co\/?page_id=34"},"modified":"2023-07-21T11:35:12","modified_gmt":"2023-07-21T16:35:12","slug":"ubicacion","status":"publish","type":"page","link":"https:\/\/www.franciscanas.edu.co\/?page_id=34","title":{"rendered":"Ubicaci\u00f3n"},"content":{"rendered":"\n<p>La Instituci\u00f3n Educativa Nuestra Se\u00f1ora del Carmen se encuentra en la direcci\u00f3n Carrera 5A # 20N-24 barrio La Estancia, perteneciente a la comuna 3 de la ciudad de Popay\u00e1n (Cauca, Colombia).<\/p>\n\n\n\n<iframe src=\"https:\/\/www.google.com\/maps\/embed?pb=!1m18!1m12!1m3!1d2047.0168918523389!2d-76.59358140535528!3d2.4525781805633367!2m3!1f0!2f0!3f0!3m2!1i1024!2i768!4f13.1!3m3!1m2!1s0x8e30039fbdb207a9%3A0x5fd0214255478609!2sColegio%20Nuestra%20Se%C3%B1ora%20del%20Carmen!5e0!3m2!1ses-419!2sco!4v1689956120326!5m2!1ses-419!2sco\" width=\"600\" height=\"450\" style=\"border:0;\" allowfullscreen=\"\" loading=\"lazy\" referrerpolicy=\"no-referrer-when-downgrade\"><\/iframe>\n","protected":false},"excerpt":{"rendered":"<p>La Instituci\u00f3n Educativa Nuestra Se\u00f1ora del Carmen se encuentra en la direcci\u00f3n Carrera 5A # 20N-24 barrio La Estancia, perteneciente a la comuna 3 de la ciudad de Popay\u00e1n (Cauca, Colombia).<\/p>\n","protected":false},"author":1,"featured_media":0,"parent":0,"menu_order":0,"comment_status":"closed","ping_status":"closed","template":"","meta":[],"_links":{"self":[{"href":"https:\/\/www.franciscanas.edu.co\/index.php?rest_route=\/wp\/v2\/pages\/34"}],"collection":[{"href":"https:\/\/www.franciscanas.edu.co\/index.php?rest_route=\/wp\/v2\/pages"}],"about":[{"href":"https:\/\/www.franciscanas.edu.co\/index.php?rest_route=\/wp\/v2\/types\/page"}],"author":[{"embeddable":true,"href":"https:\/\/www.franciscanas.edu.co\/index.php?rest_route=\/wp\/v2\/users\/1"}],"replies":[{"embeddable":true,"href":"https:\/\/www.franciscanas.edu.co\/index.php?rest_route=%2Fwp%2Fv2%2Fcomments&post=34"}],"version-history":[{"count":2,"href":"https:\/\/www.franciscanas.edu.co\/index.php?rest_route=\/wp\/v2\/pages\/34\/revisions"}],"predecessor-version":[{"id":43,"href":"https:\/\/www.franciscanas.edu.co\/index.php?rest_route=\/wp\/v2\/pages\/34\/revisions\/43"}],"wp:attachment":[{"href":"https:\/\/www.franciscanas.edu.co\/index.php?rest_route=%2Fwp%2Fv2%2Fmedia&parent=34"}],"curies":[{"name":"wp","href":"https:\/\/api.w.org\/{rel}","templated":true}]}}